{"id":1173,"date":"2019-04-10T09:00:44","date_gmt":"2019-04-10T09:00:44","guid":{"rendered":"https:\/\/developer.yellon.se\/dentalaxess\/site\/?page_id=1173"},"modified":"2019-04-26T09:43:08","modified_gmt":"2019-04-26T09:43:08","slug":"academy","status":"publish","type":"page","link":"https:\/\/dentalaxess.com\/de\/academy\/","title":{"rendered":"Academy"},"content":{"rendered":"","protected":false},"excerpt":{"rendered":"","protected":false},"author":32,"featured_media":0,"parent":0,"menu_order":0,"comment_status":"closed","ping_status":"closed","template":"","meta":{"_acf_changed":false,"content-type":"","footnotes":""},"acf":[],"yoast_head":"<!-- This site is optimized with the Yoast SEO plugin v22.0 - https:\/\/yoast.com\/wordpress\/plugins\/seo\/ -->\n<title>Academy - Dental Axess<\/title>\n<meta name=\"description\" content=\"Dental Axess organisiert verschiedene Veranstaltungen und Kurse f\u00fcr Zahn\u00e4rzte. St\u00f6bern Sie durch unsere Academy, um alle Events zu sehen.\" \/>\n<meta name=\"robots\" content=\"index, follow, max-snippet:-1, max-image-preview:large, max-video-preview:-1\" \/>\n<link rel=\"canonical\" href=\"https:\/\/dentalaxess.com\/?page_id=23\" \/>\n<meta property=\"og:locale\" content=\"de_DE\" \/>\n<meta property=\"og:type\" content=\"article\" \/>\n<meta property=\"og:title\" content=\"Academy - Dental Axess\" \/>\n<meta property=\"og:description\" content=\"Dental Axess organisiert verschiedene Veranstaltungen und Kurse f\u00fcr Zahn\u00e4rzte. St\u00f6bern Sie durch unsere Academy, um alle Events zu sehen.\" \/>\n<meta property=\"og:url\" content=\"https:\/\/dentalaxess.com\/?page_id=23\" \/>\n<meta property=\"og:site_name\" content=\"Dental Axess\" \/>\n<meta property=\"article:publisher\" content=\"https:\/\/www.facebook.com\/DentalAxess\/\" \/>\n<meta property=\"article:modified_time\" content=\"2019-04-26T09:43:08+00:00\" \/>\n<meta name=\"twitter:card\" content=\"summary_large_image\" \/>\n<script type=\"application\/ld+json\" class=\"yoast-schema-graph\">{\"@context\":\"https:\/\/schema.org\",\"@graph\":[{\"@type\":\"WebPage\",\"@id\":\"https:\/\/dentalaxess.com\/?page_id=23\",\"url\":\"https:\/\/dentalaxess.com\/?page_id=23\",\"name\":\"Academy - Dental Axess\",\"isPartOf\":{\"@id\":\"https:\/\/dentalaxess.com\/#website\"},\"datePublished\":\"2019-04-10T09:00:44+00:00\",\"dateModified\":\"2019-04-26T09:43:08+00:00\",\"description\":\"Dental Axess organisiert verschiedene Veranstaltungen und Kurse f\u00fcr Zahn\u00e4rzte. St\u00f6bern Sie durch unsere Academy, um alle Events zu sehen.\",\"breadcrumb\":{\"@id\":\"https:\/\/dentalaxess.com\/?page_id=23#breadcrumb\"},\"inLanguage\":\"de-DE\",\"potentialAction\":[{\"@type\":\"ReadAction\",\"target\":[\"https:\/\/dentalaxess.com\/?page_id=23\"]}]},{\"@type\":\"BreadcrumbList\",\"@id\":\"https:\/\/dentalaxess.com\/?page_id=23#breadcrumb\",\"itemListElement\":[{\"@type\":\"ListItem\",\"position\":1,\"name\":\"Home\",\"item\":\"https:\/\/dentalaxess.com\/de\/\"},{\"@type\":\"ListItem\",\"position\":2,\"name\":\"Academy\"}]},{\"@type\":\"WebSite\",\"@id\":\"https:\/\/dentalaxess.com\/#website\",\"url\":\"https:\/\/dentalaxess.com\/\",\"name\":\"Dental Axess\",\"description\":\"Perfect digital workflows the Dental Axess way\",\"publisher\":{\"@id\":\"https:\/\/dentalaxess.com\/#organization\"},\"potentialAction\":[{\"@type\":\"SearchAction\",\"target\":{\"@type\":\"EntryPoint\",\"urlTemplate\":\"https:\/\/dentalaxess.com\/?s={search_term_string}\"},\"query-input\":\"required name=search_term_string\"}],\"inLanguage\":\"de-DE\"},{\"@type\":\"Organization\",\"@id\":\"https:\/\/dentalaxess.com\/#organization\",\"name\":\"Dental Axess\",\"url\":\"https:\/\/dentalaxess.com\/\",\"logo\":{\"@type\":\"ImageObject\",\"inLanguage\":\"de-DE\",\"@id\":\"https:\/\/dentalaxess.com\/#\/schema\/logo\/image\/\",\"url\":\"https:\/\/dentalaxess.com\/wp-content\/uploads\/2019\/08\/logo.svg\",\"contentUrl\":\"https:\/\/dentalaxess.com\/wp-content\/uploads\/2019\/08\/logo.svg\",\"width\":154,\"height\":60,\"caption\":\"Dental Axess\"},\"image\":{\"@id\":\"https:\/\/dentalaxess.com\/#\/schema\/logo\/image\/\"},\"sameAs\":[\"https:\/\/www.facebook.com\/DentalAxess\/\",\"https:\/\/www.instagram.com\/dentalaxess\/\",\"https:\/\/www.linkedin.com\/company\/dental-axess\/\",\"https:\/\/www.youtube.com\/channel\/UCEIIUoyhdALy3pxaKE1MytQ\"]}]}<\/script>\n<!-- \/ Yoast SEO plugin. -->","yoast_head_json":{"title":"Academy - Dental Axess","description":"Dental Axess organisiert verschiedene Veranstaltungen und Kurse f\u00fcr Zahn\u00e4rzte. St\u00f6bern Sie durch unsere Academy, um alle Events zu sehen.","robots":{"index":"index","follow":"follow","max-snippet":"max-snippet:-1","max-image-preview":"max-image-preview:large","max-video-preview":"max-video-preview:-1"},"canonical":"https:\/\/dentalaxess.com\/?page_id=23","og_locale":"de_DE","og_type":"article","og_title":"Academy - Dental Axess","og_description":"Dental Axess organisiert verschiedene Veranstaltungen und Kurse f\u00fcr Zahn\u00e4rzte. St\u00f6bern Sie durch unsere Academy, um alle Events zu sehen.","og_url":"https:\/\/dentalaxess.com\/?page_id=23","og_site_name":"Dental Axess","article_publisher":"https:\/\/www.facebook.com\/DentalAxess\/","article_modified_time":"2019-04-26T09:43:08+00:00","twitter_card":"summary_large_image","schema":{"@context":"https:\/\/schema.org","@graph":[{"@type":"WebPage","@id":"https:\/\/dentalaxess.com\/?page_id=23","url":"https:\/\/dentalaxess.com\/?page_id=23","name":"Academy - Dental Axess","isPartOf":{"@id":"https:\/\/dentalaxess.com\/#website"},"datePublished":"2019-04-10T09:00:44+00:00","dateModified":"2019-04-26T09:43:08+00:00","description":"Dental Axess organisiert verschiedene Veranstaltungen und Kurse f\u00fcr Zahn\u00e4rzte. St\u00f6bern Sie durch unsere Academy, um alle Events zu sehen.","breadcrumb":{"@id":"https:\/\/dentalaxess.com\/?page_id=23#breadcrumb"},"inLanguage":"de-DE","potentialAction":[{"@type":"ReadAction","target":["https:\/\/dentalaxess.com\/?page_id=23"]}]},{"@type":"BreadcrumbList","@id":"https:\/\/dentalaxess.com\/?page_id=23#breadcrumb","itemListElement":[{"@type":"ListItem","position":1,"name":"Home","item":"https:\/\/dentalaxess.com\/de\/"},{"@type":"ListItem","position":2,"name":"Academy"}]},{"@type":"WebSite","@id":"https:\/\/dentalaxess.com\/#website","url":"https:\/\/dentalaxess.com\/","name":"Dental Axess","description":"Perfect digital workflows the Dental Axess way","publisher":{"@id":"https:\/\/dentalaxess.com\/#organization"},"potentialAction":[{"@type":"SearchAction","target":{"@type":"EntryPoint","urlTemplate":"https:\/\/dentalaxess.com\/?s={search_term_string}"},"query-input":"required name=search_term_string"}],"inLanguage":"de-DE"},{"@type":"Organization","@id":"https:\/\/dentalaxess.com\/#organization","name":"Dental Axess","url":"https:\/\/dentalaxess.com\/","logo":{"@type":"ImageObject","inLanguage":"de-DE","@id":"https:\/\/dentalaxess.com\/#\/schema\/logo\/image\/","url":"https:\/\/dentalaxess.com\/wp-content\/uploads\/2019\/08\/logo.svg","contentUrl":"https:\/\/dentalaxess.com\/wp-content\/uploads\/2019\/08\/logo.svg","width":154,"height":60,"caption":"Dental Axess"},"image":{"@id":"https:\/\/dentalaxess.com\/#\/schema\/logo\/image\/"},"sameAs":["https:\/\/www.facebook.com\/DentalAxess\/","https:\/\/www.instagram.com\/dentalaxess\/","https:\/\/www.linkedin.com\/company\/dental-axess\/","https:\/\/www.youtube.com\/channel\/UCEIIUoyhdALy3pxaKE1MytQ"]}]}},"_links":{"self":[{"href":"https:\/\/dentalaxess.com\/de\/wp-json\/wp\/v2\/pages\/1173"}],"collection":[{"href":"https:\/\/dentalaxess.com\/de\/wp-json\/wp\/v2\/pages"}],"about":[{"href":"https:\/\/dentalaxess.com\/de\/wp-json\/wp\/v2\/types\/page"}],"author":[{"embeddable":true,"href":"https:\/\/dentalaxess.com\/de\/wp-json\/wp\/v2\/users\/32"}],"replies":[{"embeddable":true,"href":"https:\/\/dentalaxess.com\/de\/wp-json\/wp\/v2\/comments?post=1173"}],"version-history":[{"count":0,"href":"https:\/\/dentalaxess.com\/de\/wp-json\/wp\/v2\/pages\/1173\/revisions"}],"wp:attachment":[{"href":"https:\/\/dentalaxess.com\/de\/wp-json\/wp\/v2\/media?parent=1173"}],"curies":[{"name":"wp","href":"https:\/\/api.w.org\/{rel}","templated":true}]}}