{"id":1271,"date":"2019-04-02T13:42:25","date_gmt":"2019-04-02T13:42:25","guid":{"rendered":"https:\/\/developer.yellon.se\/dentalaxess\/site\/solutions-orthodontics-and-clear-aligners\/"},"modified":"2019-09-04T06:44:35","modified_gmt":"2019-09-04T06:44:35","slug":"solutions-orthodontics-and-clear-aligners","status":"publish","type":"page","link":"https:\/\/dentalaxess.com\/de\/solutions-orthodontics-and-clear-aligners\/","title":{"rendered":"L\u00f6sung Kieferorthop\u00e4die und Clear Aligners"},"content":{"rendered":"","protected":false},"excerpt":{"rendered":"","protected":false},"author":32,"featured_media":0,"parent":0,"menu_order":0,"comment_status":"closed","ping_status":"closed","template":"","meta":{"_acf_changed":false,"content-type":"","footnotes":""},"acf":[],"yoast_head":"<!-- This site is optimized with the Yoast SEO plugin v22.0 - https:\/\/yoast.com\/wordpress\/plugins\/seo\/ -->\n<title>L\u00f6sung Kieferorthop\u00e4die und Clear Aligners - Dental Axess<\/title>\n<meta name=\"description\" content=\"Clear Aligners k\u00f6nnen mit einem digitalen Arbeitsablauf sehr profitabel selber produziert werden. Kontaktieren Sie uns und erfahren Sie wie!\" \/>\n<meta name=\"robots\" content=\"index, follow, max-snippet:-1, max-image-preview:large, max-video-preview:-1\" \/>\n<link rel=\"canonical\" href=\"https:\/\/dentalaxess.com\/solutions-orthodontics-and-clear-aligners\/\" \/>\n<meta property=\"og:locale\" content=\"de_DE\" \/>\n<meta property=\"og:type\" content=\"article\" \/>\n<meta property=\"og:title\" content=\"L\u00f6sung Kieferorthop\u00e4die und Clear Aligners - Dental Axess\" \/>\n<meta property=\"og:description\" content=\"Clear Aligners k\u00f6nnen mit einem digitalen Arbeitsablauf sehr profitabel selber produziert werden. Kontaktieren Sie uns und erfahren Sie wie!\" \/>\n<meta property=\"og:url\" content=\"https:\/\/dentalaxess.com\/solutions-orthodontics-and-clear-aligners\/\" \/>\n<meta property=\"og:site_name\" content=\"Dental Axess\" \/>\n<meta property=\"article:publisher\" content=\"https:\/\/www.facebook.com\/DentalAxess\/\" \/>\n<meta property=\"article:modified_time\" content=\"2019-09-04T06:44:35+00:00\" \/>\n<meta name=\"twitter:card\" content=\"summary_large_image\" \/>\n<script type=\"application\/ld+json\" class=\"yoast-schema-graph\">{\"@context\":\"https:\/\/schema.org\",\"@graph\":[{\"@type\":\"WebPage\",\"@id\":\"https:\/\/dentalaxess.com\/solutions-orthodontics-and-clear-aligners\/\",\"url\":\"https:\/\/dentalaxess.com\/solutions-orthodontics-and-clear-aligners\/\",\"name\":\"L\u00f6sung Kieferorthop\u00e4die und Clear Aligners - Dental Axess\",\"isPartOf\":{\"@id\":\"https:\/\/dentalaxess.com\/#website\"},\"datePublished\":\"2019-04-02T13:42:25+00:00\",\"dateModified\":\"2019-09-04T06:44:35+00:00\",\"description\":\"Clear Aligners k\u00f6nnen mit einem digitalen Arbeitsablauf sehr profitabel selber produziert werden. Kontaktieren Sie uns und erfahren Sie wie!\",\"breadcrumb\":{\"@id\":\"https:\/\/dentalaxess.com\/solutions-orthodontics-and-clear-aligners\/#breadcrumb\"},\"inLanguage\":\"de-DE\",\"potentialAction\":[{\"@type\":\"ReadAction\",\"target\":[\"https:\/\/dentalaxess.com\/solutions-orthodontics-and-clear-aligners\/\"]}]},{\"@type\":\"BreadcrumbList\",\"@id\":\"https:\/\/dentalaxess.com\/solutions-orthodontics-and-clear-aligners\/#breadcrumb\",\"itemListElement\":[{\"@type\":\"ListItem\",\"position\":1,\"name\":\"Home\",\"item\":\"https:\/\/dentalaxess.com\/de\/\"},{\"@type\":\"ListItem\",\"position\":2,\"name\":\"L\u00f6sung Kieferorthop\u00e4die und Clear Aligners\"}]},{\"@type\":\"WebSite\",\"@id\":\"https:\/\/dentalaxess.com\/#website\",\"url\":\"https:\/\/dentalaxess.com\/\",\"name\":\"Dental Axess\",\"description\":\"Perfect digital workflows the Dental Axess way\",\"publisher\":{\"@id\":\"https:\/\/dentalaxess.com\/#organization\"},\"potentialAction\":[{\"@type\":\"SearchAction\",\"target\":{\"@type\":\"EntryPoint\",\"urlTemplate\":\"https:\/\/dentalaxess.com\/?s={search_term_string}\"},\"query-input\":\"required name=search_term_string\"}],\"inLanguage\":\"de-DE\"},{\"@type\":\"Organization\",\"@id\":\"https:\/\/dentalaxess.com\/#organization\",\"name\":\"Dental Axess\",\"url\":\"https:\/\/dentalaxess.com\/\",\"logo\":{\"@type\":\"ImageObject\",\"inLanguage\":\"de-DE\",\"@id\":\"https:\/\/dentalaxess.com\/#\/schema\/logo\/image\/\",\"url\":\"https:\/\/dentalaxess.com\/wp-content\/uploads\/2019\/08\/logo.svg\",\"contentUrl\":\"https:\/\/dentalaxess.com\/wp-content\/uploads\/2019\/08\/logo.svg\",\"width\":154,\"height\":60,\"caption\":\"Dental Axess\"},\"image\":{\"@id\":\"https:\/\/dentalaxess.com\/#\/schema\/logo\/image\/\"},\"sameAs\":[\"https:\/\/www.facebook.com\/DentalAxess\/\",\"https:\/\/www.instagram.com\/dentalaxess\/\",\"https:\/\/www.linkedin.com\/company\/dental-axess\/\",\"https:\/\/www.youtube.com\/channel\/UCEIIUoyhdALy3pxaKE1MytQ\"]}]}<\/script>\n<!-- \/ Yoast SEO plugin. -->","yoast_head_json":{"title":"L\u00f6sung Kieferorthop\u00e4die und Clear Aligners - Dental Axess","description":"Clear Aligners k\u00f6nnen mit einem digitalen Arbeitsablauf sehr profitabel selber produziert werden. Kontaktieren Sie uns und erfahren Sie wie!","robots":{"index":"index","follow":"follow","max-snippet":"max-snippet:-1","max-image-preview":"max-image-preview:large","max-video-preview":"max-video-preview:-1"},"canonical":"https:\/\/dentalaxess.com\/solutions-orthodontics-and-clear-aligners\/","og_locale":"de_DE","og_type":"article","og_title":"L\u00f6sung Kieferorthop\u00e4die und Clear Aligners - Dental Axess","og_description":"Clear Aligners k\u00f6nnen mit einem digitalen Arbeitsablauf sehr profitabel selber produziert werden. Kontaktieren Sie uns und erfahren Sie wie!","og_url":"https:\/\/dentalaxess.com\/solutions-orthodontics-and-clear-aligners\/","og_site_name":"Dental Axess","article_publisher":"https:\/\/www.facebook.com\/DentalAxess\/","article_modified_time":"2019-09-04T06:44:35+00:00","twitter_card":"summary_large_image","schema":{"@context":"https:\/\/schema.org","@graph":[{"@type":"WebPage","@id":"https:\/\/dentalaxess.com\/solutions-orthodontics-and-clear-aligners\/","url":"https:\/\/dentalaxess.com\/solutions-orthodontics-and-clear-aligners\/","name":"L\u00f6sung Kieferorthop\u00e4die und Clear Aligners - Dental Axess","isPartOf":{"@id":"https:\/\/dentalaxess.com\/#website"},"datePublished":"2019-04-02T13:42:25+00:00","dateModified":"2019-09-04T06:44:35+00:00","description":"Clear Aligners k\u00f6nnen mit einem digitalen Arbeitsablauf sehr profitabel selber produziert werden. Kontaktieren Sie uns und erfahren Sie wie!","breadcrumb":{"@id":"https:\/\/dentalaxess.com\/solutions-orthodontics-and-clear-aligners\/#breadcrumb"},"inLanguage":"de-DE","potentialAction":[{"@type":"ReadAction","target":["https:\/\/dentalaxess.com\/solutions-orthodontics-and-clear-aligners\/"]}]},{"@type":"BreadcrumbList","@id":"https:\/\/dentalaxess.com\/solutions-orthodontics-and-clear-aligners\/#breadcrumb","itemListElement":[{"@type":"ListItem","position":1,"name":"Home","item":"https:\/\/dentalaxess.com\/de\/"},{"@type":"ListItem","position":2,"name":"L\u00f6sung Kieferorthop\u00e4die und Clear Aligners"}]},{"@type":"WebSite","@id":"https:\/\/dentalaxess.com\/#website","url":"https:\/\/dentalaxess.com\/","name":"Dental Axess","description":"Perfect digital workflows the Dental Axess way","publisher":{"@id":"https:\/\/dentalaxess.com\/#organization"},"potentialAction":[{"@type":"SearchAction","target":{"@type":"EntryPoint","urlTemplate":"https:\/\/dentalaxess.com\/?s={search_term_string}"},"query-input":"required name=search_term_string"}],"inLanguage":"de-DE"},{"@type":"Organization","@id":"https:\/\/dentalaxess.com\/#organization","name":"Dental Axess","url":"https:\/\/dentalaxess.com\/","logo":{"@type":"ImageObject","inLanguage":"de-DE","@id":"https:\/\/dentalaxess.com\/#\/schema\/logo\/image\/","url":"https:\/\/dentalaxess.com\/wp-content\/uploads\/2019\/08\/logo.svg","contentUrl":"https:\/\/dentalaxess.com\/wp-content\/uploads\/2019\/08\/logo.svg","width":154,"height":60,"caption":"Dental Axess"},"image":{"@id":"https:\/\/dentalaxess.com\/#\/schema\/logo\/image\/"},"sameAs":["https:\/\/www.facebook.com\/DentalAxess\/","https:\/\/www.instagram.com\/dentalaxess\/","https:\/\/www.linkedin.com\/company\/dental-axess\/","https:\/\/www.youtube.com\/channel\/UCEIIUoyhdALy3pxaKE1MytQ"]}]}},"_links":{"self":[{"href":"https:\/\/dentalaxess.com\/de\/wp-json\/wp\/v2\/pages\/1271"}],"collection":[{"href":"https:\/\/dentalaxess.com\/de\/wp-json\/wp\/v2\/pages"}],"about":[{"href":"https:\/\/dentalaxess.com\/de\/wp-json\/wp\/v2\/types\/page"}],"author":[{"embeddable":true,"href":"https:\/\/dentalaxess.com\/de\/wp-json\/wp\/v2\/users\/32"}],"replies":[{"embeddable":true,"href":"https:\/\/dentalaxess.com\/de\/wp-json\/wp\/v2\/comments?post=1271"}],"version-history":[{"count":0,"href":"https:\/\/dentalaxess.com\/de\/wp-json\/wp\/v2\/pages\/1271\/revisions"}],"wp:attachment":[{"href":"https:\/\/dentalaxess.com\/de\/wp-json\/wp\/v2\/media?parent=1271"}],"curies":[{"name":"wp","href":"https:\/\/api.w.org\/{rel}","templated":true}]}}