{"id":2560,"date":"2019-07-24T09:15:46","date_gmt":"2019-07-24T09:15:46","guid":{"rendered":"https:\/\/dentalaxess.com\/products\/xplan\/"},"modified":"2023-05-24T09:14:31","modified_gmt":"2023-05-24T09:14:31","slug":"services-de-conception-de-planification-de-traitement","status":"publish","type":"page","link":"https:\/\/dentalaxess.com\/fr\/products\/services-de-conception-de-planification-de-traitement\/","title":{"rendered":"Services de conception de planification de traitement"},"content":{"rendered":"","protected":false},"excerpt":{"rendered":"","protected":false},"author":32,"featured_media":0,"parent":2552,"menu_order":5,"comment_status":"closed","ping_status":"closed","template":"page-product-category.php","meta":{"_acf_changed":false,"content-type":"","footnotes":""},"acf":[],"yoast_head":"<!-- This site is optimized with the Yoast SEO plugin v22.0 - https:\/\/yoast.com\/wordpress\/plugins\/seo\/ -->\n<title>Services de conception de planification de traitement - Dental Axess<\/title>\n<meta name=\"description\" content=\"Externalisez les \u00e9tapes de conception fastidieuses en toute flexibilit\u00e9, tout en contr\u00f4lant les co\u00fbts et la qualit\u00e9 du traitement.\" \/>\n<meta name=\"robots\" content=\"index, follow, max-snippet:-1, max-image-preview:large, max-video-preview:-1\" \/>\n<link rel=\"canonical\" href=\"https:\/\/dentalaxess.com\/products\/treatmentplanningservices\/\" \/>\n<meta property=\"og:locale\" content=\"fr_FR\" \/>\n<meta property=\"og:type\" content=\"article\" \/>\n<meta property=\"og:title\" content=\"Services de conception de planification de traitement - Dental Axess\" \/>\n<meta property=\"og:description\" content=\"Externalisez les \u00e9tapes de conception fastidieuses en toute flexibilit\u00e9, tout en contr\u00f4lant les co\u00fbts et la qualit\u00e9 du traitement.\" \/>\n<meta property=\"og:url\" content=\"https:\/\/dentalaxess.com\/products\/treatmentplanningservices\/\" \/>\n<meta property=\"og:site_name\" content=\"Dental Axess\" \/>\n<meta property=\"article:publisher\" content=\"https:\/\/www.facebook.com\/DentalAxess\/\" \/>\n<meta property=\"article:modified_time\" content=\"2023-05-24T09:14:31+00:00\" \/>\n<meta name=\"twitter:card\" content=\"summary_large_image\" \/>\n<script type=\"application\/ld+json\" class=\"yoast-schema-graph\">{\"@context\":\"https:\/\/schema.org\",\"@graph\":[{\"@type\":\"WebPage\",\"@id\":\"https:\/\/dentalaxess.com\/products\/treatmentplanningservices\/\",\"url\":\"https:\/\/dentalaxess.com\/products\/treatmentplanningservices\/\",\"name\":\"Services de conception de planification de traitement - Dental Axess\",\"isPartOf\":{\"@id\":\"https:\/\/dentalaxess.com\/#website\"},\"datePublished\":\"2019-07-24T09:15:46+00:00\",\"dateModified\":\"2023-05-24T09:14:31+00:00\",\"description\":\"Externalisez les \u00e9tapes de conception fastidieuses en toute flexibilit\u00e9, tout en contr\u00f4lant les co\u00fbts et la qualit\u00e9 du traitement.\",\"breadcrumb\":{\"@id\":\"https:\/\/dentalaxess.com\/products\/treatmentplanningservices\/#breadcrumb\"},\"inLanguage\":\"fr-FR\",\"potentialAction\":[{\"@type\":\"ReadAction\",\"target\":[\"https:\/\/dentalaxess.com\/products\/treatmentplanningservices\/\"]}]},{\"@type\":\"BreadcrumbList\",\"@id\":\"https:\/\/dentalaxess.com\/products\/treatmentplanningservices\/#breadcrumb\",\"itemListElement\":[{\"@type\":\"ListItem\",\"position\":1,\"name\":\"Home\",\"item\":\"https:\/\/dentalaxess.com\/fr\/\"},{\"@type\":\"ListItem\",\"position\":2,\"name\":\"Produits\",\"item\":\"https:\/\/dentalaxess.com\/fr\/products\/\"},{\"@type\":\"ListItem\",\"position\":3,\"name\":\"Services de conception de planification de traitement\"}]},{\"@type\":\"WebSite\",\"@id\":\"https:\/\/dentalaxess.com\/#website\",\"url\":\"https:\/\/dentalaxess.com\/\",\"name\":\"Dental Axess\",\"description\":\"Perfect digital workflows the Dental Axess way\",\"publisher\":{\"@id\":\"https:\/\/dentalaxess.com\/#organization\"},\"potentialAction\":[{\"@type\":\"SearchAction\",\"target\":{\"@type\":\"EntryPoint\",\"urlTemplate\":\"https:\/\/dentalaxess.com\/?s={search_term_string}\"},\"query-input\":\"required name=search_term_string\"}],\"inLanguage\":\"fr-FR\"},{\"@type\":\"Organization\",\"@id\":\"https:\/\/dentalaxess.com\/#organization\",\"name\":\"Dental Axess\",\"url\":\"https:\/\/dentalaxess.com\/\",\"logo\":{\"@type\":\"ImageObject\",\"inLanguage\":\"fr-FR\",\"@id\":\"https:\/\/dentalaxess.com\/#\/schema\/logo\/image\/\",\"url\":\"https:\/\/dentalaxess.com\/wp-content\/uploads\/2019\/08\/logo.svg\",\"contentUrl\":\"https:\/\/dentalaxess.com\/wp-content\/uploads\/2019\/08\/logo.svg\",\"width\":154,\"height\":60,\"caption\":\"Dental Axess\"},\"image\":{\"@id\":\"https:\/\/dentalaxess.com\/#\/schema\/logo\/image\/\"},\"sameAs\":[\"https:\/\/www.facebook.com\/DentalAxess\/\",\"https:\/\/www.instagram.com\/dentalaxess\/\",\"https:\/\/www.linkedin.com\/company\/dental-axess\/\",\"https:\/\/www.youtube.com\/channel\/UCEIIUoyhdALy3pxaKE1MytQ\"]}]}<\/script>\n<!-- \/ Yoast SEO plugin. -->","yoast_head_json":{"title":"Services de conception de planification de traitement - Dental Axess","description":"Externalisez les \u00e9tapes de conception fastidieuses en toute flexibilit\u00e9, tout en contr\u00f4lant les co\u00fbts et la qualit\u00e9 du traitement.","robots":{"index":"index","follow":"follow","max-snippet":"max-snippet:-1","max-image-preview":"max-image-preview:large","max-video-preview":"max-video-preview:-1"},"canonical":"https:\/\/dentalaxess.com\/products\/treatmentplanningservices\/","og_locale":"fr_FR","og_type":"article","og_title":"Services de conception de planification de traitement - Dental Axess","og_description":"Externalisez les \u00e9tapes de conception fastidieuses en toute flexibilit\u00e9, tout en contr\u00f4lant les co\u00fbts et la qualit\u00e9 du traitement.","og_url":"https:\/\/dentalaxess.com\/products\/treatmentplanningservices\/","og_site_name":"Dental Axess","article_publisher":"https:\/\/www.facebook.com\/DentalAxess\/","article_modified_time":"2023-05-24T09:14:31+00:00","twitter_card":"summary_large_image","schema":{"@context":"https:\/\/schema.org","@graph":[{"@type":"WebPage","@id":"https:\/\/dentalaxess.com\/products\/treatmentplanningservices\/","url":"https:\/\/dentalaxess.com\/products\/treatmentplanningservices\/","name":"Services de conception de planification de traitement - Dental Axess","isPartOf":{"@id":"https:\/\/dentalaxess.com\/#website"},"datePublished":"2019-07-24T09:15:46+00:00","dateModified":"2023-05-24T09:14:31+00:00","description":"Externalisez les \u00e9tapes de conception fastidieuses en toute flexibilit\u00e9, tout en contr\u00f4lant les co\u00fbts et la qualit\u00e9 du traitement.","breadcrumb":{"@id":"https:\/\/dentalaxess.com\/products\/treatmentplanningservices\/#breadcrumb"},"inLanguage":"fr-FR","potentialAction":[{"@type":"ReadAction","target":["https:\/\/dentalaxess.com\/products\/treatmentplanningservices\/"]}]},{"@type":"BreadcrumbList","@id":"https:\/\/dentalaxess.com\/products\/treatmentplanningservices\/#breadcrumb","itemListElement":[{"@type":"ListItem","position":1,"name":"Home","item":"https:\/\/dentalaxess.com\/fr\/"},{"@type":"ListItem","position":2,"name":"Produits","item":"https:\/\/dentalaxess.com\/fr\/products\/"},{"@type":"ListItem","position":3,"name":"Services de conception de planification de traitement"}]},{"@type":"WebSite","@id":"https:\/\/dentalaxess.com\/#website","url":"https:\/\/dentalaxess.com\/","name":"Dental Axess","description":"Perfect digital workflows the Dental Axess way","publisher":{"@id":"https:\/\/dentalaxess.com\/#organization"},"potentialAction":[{"@type":"SearchAction","target":{"@type":"EntryPoint","urlTemplate":"https:\/\/dentalaxess.com\/?s={search_term_string}"},"query-input":"required name=search_term_string"}],"inLanguage":"fr-FR"},{"@type":"Organization","@id":"https:\/\/dentalaxess.com\/#organization","name":"Dental Axess","url":"https:\/\/dentalaxess.com\/","logo":{"@type":"ImageObject","inLanguage":"fr-FR","@id":"https:\/\/dentalaxess.com\/#\/schema\/logo\/image\/","url":"https:\/\/dentalaxess.com\/wp-content\/uploads\/2019\/08\/logo.svg","contentUrl":"https:\/\/dentalaxess.com\/wp-content\/uploads\/2019\/08\/logo.svg","width":154,"height":60,"caption":"Dental Axess"},"image":{"@id":"https:\/\/dentalaxess.com\/#\/schema\/logo\/image\/"},"sameAs":["https:\/\/www.facebook.com\/DentalAxess\/","https:\/\/www.instagram.com\/dentalaxess\/","https:\/\/www.linkedin.com\/company\/dental-axess\/","https:\/\/www.youtube.com\/channel\/UCEIIUoyhdALy3pxaKE1MytQ"]}]}},"_links":{"self":[{"href":"https:\/\/dentalaxess.com\/fr\/wp-json\/wp\/v2\/pages\/2560"}],"collection":[{"href":"https:\/\/dentalaxess.com\/fr\/wp-json\/wp\/v2\/pages"}],"about":[{"href":"https:\/\/dentalaxess.com\/fr\/wp-json\/wp\/v2\/types\/page"}],"author":[{"embeddable":true,"href":"https:\/\/dentalaxess.com\/fr\/wp-json\/wp\/v2\/users\/32"}],"replies":[{"embeddable":true,"href":"https:\/\/dentalaxess.com\/fr\/wp-json\/wp\/v2\/comments?post=2560"}],"version-history":[{"count":0,"href":"https:\/\/dentalaxess.com\/fr\/wp-json\/wp\/v2\/pages\/2560\/revisions"}],"up":[{"embeddable":true,"href":"https:\/\/dentalaxess.com\/fr\/wp-json\/wp\/v2\/pages\/2552"}],"wp:attachment":[{"href":"https:\/\/dentalaxess.com\/fr\/wp-json\/wp\/v2\/media?parent=2560"}],"curies":[{"name":"wp","href":"https:\/\/api.w.org\/{rel}","templated":true}]}}