{"id":7513,"date":"2023-05-24T08:15:28","date_gmt":"2023-05-24T08:15:28","guid":{"rendered":"https:\/\/dentalaxess.com\/?page_id=7513"},"modified":"2023-05-24T08:15:43","modified_gmt":"2023-05-24T08:15:43","slug":"logiciels-fao","status":"publish","type":"page","link":"https:\/\/dentalaxess.com\/fr\/products\/logiciels-fao\/","title":{"rendered":"Logiciels FAO"},"content":{"rendered":"","protected":false},"excerpt":{"rendered":"","protected":false},"author":32,"featured_media":0,"parent":2552,"menu_order":3,"comment_status":"closed","ping_status":"closed","template":"page-product-category.php","meta":{"_acf_changed":false,"content-type":"","footnotes":""},"acf":[],"yoast_head":"<!-- This site is optimized with the Yoast SEO plugin v22.0 - https:\/\/yoast.com\/wordpress\/plugins\/seo\/ -->\n<title>Logiciels FAO - Dental Axess<\/title>\n<meta name=\"description\" content=\"Les logiciels de CAO \/ FAO sophistiqu\u00e9s sont essentiels pour \u00e9tablir un flux de travail partiel ou enti\u00e8rement num\u00e9rique.\" \/>\n<meta name=\"robots\" content=\"index, follow, max-snippet:-1, max-image-preview:large, max-video-preview:-1\" \/>\n<link rel=\"canonical\" href=\"https:\/\/dentalaxess.com\/fr\/products\/logiciels-fao\/\" \/>\n<meta property=\"og:locale\" content=\"fr_FR\" \/>\n<meta property=\"og:type\" content=\"article\" \/>\n<meta property=\"og:title\" content=\"Logiciels FAO - Dental Axess\" \/>\n<meta property=\"og:description\" content=\"Les logiciels de CAO \/ FAO sophistiqu\u00e9s sont essentiels pour \u00e9tablir un flux de travail partiel ou enti\u00e8rement num\u00e9rique.\" \/>\n<meta property=\"og:url\" content=\"https:\/\/dentalaxess.com\/fr\/products\/logiciels-fao\/\" \/>\n<meta property=\"og:site_name\" content=\"Dental Axess\" \/>\n<meta property=\"article:publisher\" content=\"https:\/\/www.facebook.com\/DentalAxess\/\" \/>\n<meta property=\"article:modified_time\" content=\"2023-05-24T08:15:43+00:00\" \/>\n<meta name=\"twitter:card\" content=\"summary_large_image\" \/>\n<script type=\"application\/ld+json\" class=\"yoast-schema-graph\">{\"@context\":\"https:\/\/schema.org\",\"@graph\":[{\"@type\":\"WebPage\",\"@id\":\"https:\/\/dentalaxess.com\/fr\/products\/logiciels-fao\/\",\"url\":\"https:\/\/dentalaxess.com\/fr\/products\/logiciels-fao\/\",\"name\":\"Logiciels FAO - Dental Axess\",\"isPartOf\":{\"@id\":\"https:\/\/dentalaxess.com\/#website\"},\"datePublished\":\"2023-05-24T08:15:28+00:00\",\"dateModified\":\"2023-05-24T08:15:43+00:00\",\"description\":\"Les logiciels de CAO \/ FAO sophistiqu\u00e9s sont essentiels pour \u00e9tablir un flux de travail partiel ou enti\u00e8rement num\u00e9rique.\",\"breadcrumb\":{\"@id\":\"https:\/\/dentalaxess.com\/fr\/products\/logiciels-fao\/#breadcrumb\"},\"inLanguage\":\"fr-FR\",\"potentialAction\":[{\"@type\":\"ReadAction\",\"target\":[\"https:\/\/dentalaxess.com\/fr\/products\/logiciels-fao\/\"]}]},{\"@type\":\"BreadcrumbList\",\"@id\":\"https:\/\/dentalaxess.com\/fr\/products\/logiciels-fao\/#breadcrumb\",\"itemListElement\":[{\"@type\":\"ListItem\",\"position\":1,\"name\":\"Home\",\"item\":\"https:\/\/dentalaxess.com\/fr\/\"},{\"@type\":\"ListItem\",\"position\":2,\"name\":\"Produits\",\"item\":\"https:\/\/dentalaxess.com\/fr\/products\/\"},{\"@type\":\"ListItem\",\"position\":3,\"name\":\"Logiciels FAO\"}]},{\"@type\":\"WebSite\",\"@id\":\"https:\/\/dentalaxess.com\/#website\",\"url\":\"https:\/\/dentalaxess.com\/\",\"name\":\"Dental Axess\",\"description\":\"Perfect digital workflows the Dental Axess way\",\"publisher\":{\"@id\":\"https:\/\/dentalaxess.com\/#organization\"},\"potentialAction\":[{\"@type\":\"SearchAction\",\"target\":{\"@type\":\"EntryPoint\",\"urlTemplate\":\"https:\/\/dentalaxess.com\/?s={search_term_string}\"},\"query-input\":\"required name=search_term_string\"}],\"inLanguage\":\"fr-FR\"},{\"@type\":\"Organization\",\"@id\":\"https:\/\/dentalaxess.com\/#organization\",\"name\":\"Dental Axess\",\"url\":\"https:\/\/dentalaxess.com\/\",\"logo\":{\"@type\":\"ImageObject\",\"inLanguage\":\"fr-FR\",\"@id\":\"https:\/\/dentalaxess.com\/#\/schema\/logo\/image\/\",\"url\":\"https:\/\/dentalaxess.com\/wp-content\/uploads\/2019\/08\/logo.svg\",\"contentUrl\":\"https:\/\/dentalaxess.com\/wp-content\/uploads\/2019\/08\/logo.svg\",\"width\":154,\"height\":60,\"caption\":\"Dental Axess\"},\"image\":{\"@id\":\"https:\/\/dentalaxess.com\/#\/schema\/logo\/image\/\"},\"sameAs\":[\"https:\/\/www.facebook.com\/DentalAxess\/\",\"https:\/\/www.instagram.com\/dentalaxess\/\",\"https:\/\/www.linkedin.com\/company\/dental-axess\/\",\"https:\/\/www.youtube.com\/channel\/UCEIIUoyhdALy3pxaKE1MytQ\"]}]}<\/script>\n<!-- \/ Yoast SEO plugin. -->","yoast_head_json":{"title":"Logiciels FAO - Dental Axess","description":"Les logiciels de CAO \/ FAO sophistiqu\u00e9s sont essentiels pour \u00e9tablir un flux de travail partiel ou enti\u00e8rement num\u00e9rique.","robots":{"index":"index","follow":"follow","max-snippet":"max-snippet:-1","max-image-preview":"max-image-preview:large","max-video-preview":"max-video-preview:-1"},"canonical":"https:\/\/dentalaxess.com\/fr\/products\/logiciels-fao\/","og_locale":"fr_FR","og_type":"article","og_title":"Logiciels FAO - Dental Axess","og_description":"Les logiciels de CAO \/ FAO sophistiqu\u00e9s sont essentiels pour \u00e9tablir un flux de travail partiel ou enti\u00e8rement num\u00e9rique.","og_url":"https:\/\/dentalaxess.com\/fr\/products\/logiciels-fao\/","og_site_name":"Dental Axess","article_publisher":"https:\/\/www.facebook.com\/DentalAxess\/","article_modified_time":"2023-05-24T08:15:43+00:00","twitter_card":"summary_large_image","schema":{"@context":"https:\/\/schema.org","@graph":[{"@type":"WebPage","@id":"https:\/\/dentalaxess.com\/fr\/products\/logiciels-fao\/","url":"https:\/\/dentalaxess.com\/fr\/products\/logiciels-fao\/","name":"Logiciels FAO - Dental Axess","isPartOf":{"@id":"https:\/\/dentalaxess.com\/#website"},"datePublished":"2023-05-24T08:15:28+00:00","dateModified":"2023-05-24T08:15:43+00:00","description":"Les logiciels de CAO \/ FAO sophistiqu\u00e9s sont essentiels pour \u00e9tablir un flux de travail partiel ou enti\u00e8rement num\u00e9rique.","breadcrumb":{"@id":"https:\/\/dentalaxess.com\/fr\/products\/logiciels-fao\/#breadcrumb"},"inLanguage":"fr-FR","potentialAction":[{"@type":"ReadAction","target":["https:\/\/dentalaxess.com\/fr\/products\/logiciels-fao\/"]}]},{"@type":"BreadcrumbList","@id":"https:\/\/dentalaxess.com\/fr\/products\/logiciels-fao\/#breadcrumb","itemListElement":[{"@type":"ListItem","position":1,"name":"Home","item":"https:\/\/dentalaxess.com\/fr\/"},{"@type":"ListItem","position":2,"name":"Produits","item":"https:\/\/dentalaxess.com\/fr\/products\/"},{"@type":"ListItem","position":3,"name":"Logiciels FAO"}]},{"@type":"WebSite","@id":"https:\/\/dentalaxess.com\/#website","url":"https:\/\/dentalaxess.com\/","name":"Dental Axess","description":"Perfect digital workflows the Dental Axess way","publisher":{"@id":"https:\/\/dentalaxess.com\/#organization"},"potentialAction":[{"@type":"SearchAction","target":{"@type":"EntryPoint","urlTemplate":"https:\/\/dentalaxess.com\/?s={search_term_string}"},"query-input":"required name=search_term_string"}],"inLanguage":"fr-FR"},{"@type":"Organization","@id":"https:\/\/dentalaxess.com\/#organization","name":"Dental Axess","url":"https:\/\/dentalaxess.com\/","logo":{"@type":"ImageObject","inLanguage":"fr-FR","@id":"https:\/\/dentalaxess.com\/#\/schema\/logo\/image\/","url":"https:\/\/dentalaxess.com\/wp-content\/uploads\/2019\/08\/logo.svg","contentUrl":"https:\/\/dentalaxess.com\/wp-content\/uploads\/2019\/08\/logo.svg","width":154,"height":60,"caption":"Dental Axess"},"image":{"@id":"https:\/\/dentalaxess.com\/#\/schema\/logo\/image\/"},"sameAs":["https:\/\/www.facebook.com\/DentalAxess\/","https:\/\/www.instagram.com\/dentalaxess\/","https:\/\/www.linkedin.com\/company\/dental-axess\/","https:\/\/www.youtube.com\/channel\/UCEIIUoyhdALy3pxaKE1MytQ"]}]}},"_links":{"self":[{"href":"https:\/\/dentalaxess.com\/fr\/wp-json\/wp\/v2\/pages\/7513"}],"collection":[{"href":"https:\/\/dentalaxess.com\/fr\/wp-json\/wp\/v2\/pages"}],"about":[{"href":"https:\/\/dentalaxess.com\/fr\/wp-json\/wp\/v2\/types\/page"}],"author":[{"embeddable":true,"href":"https:\/\/dentalaxess.com\/fr\/wp-json\/wp\/v2\/users\/32"}],"replies":[{"embeddable":true,"href":"https:\/\/dentalaxess.com\/fr\/wp-json\/wp\/v2\/comments?post=7513"}],"version-history":[{"count":0,"href":"https:\/\/dentalaxess.com\/fr\/wp-json\/wp\/v2\/pages\/7513\/revisions"}],"up":[{"embeddable":true,"href":"https:\/\/dentalaxess.com\/fr\/wp-json\/wp\/v2\/pages\/2552"}],"wp:attachment":[{"href":"https:\/\/dentalaxess.com\/fr\/wp-json\/wp\/v2\/media?parent=7513"}],"curies":[{"name":"wp","href":"https:\/\/api.w.org\/{rel}","templated":true}]}}